{"id":3,"date":"2023-04-24T15:46:24","date_gmt":"2023-04-24T18:46:24","guid":{"rendered":"https:\/\/erastro.com\/?page_id=3"},"modified":"2024-10-16T18:27:25","modified_gmt":"2024-10-16T21:27:25","slug":"politica-de-privacidade","status":"publish","type":"page","link":"https:\/\/erastro.com\/index.php\/politica-de-privacidade\/","title":{"rendered":"Pol\u00edtica de privacidade"},"content":{"rendered":"\t\t<div data-elementor-type=\"wp-page\" data-elementor-id=\"3\" class=\"elementor elementor-3\">\n\t\t\t\t\t\t<section class=\"elementor-section elementor-top-section elementor-element elementor-element-5e28f79 elementor-section-boxed elementor-section-height-default elementor-section-height-default\" data-id=\"5e28f79\" data-element_type=\"section\" data-e-type=\"section\">\n\t\t\t\t\t\t<div class=\"elementor-container elementor-column-gap-default\">\n\t\t\t\t\t<div class=\"elementor-column elementor-col-100 elementor-top-column elementor-element elementor-element-612ec119\" data-id=\"612ec119\" data-element_type=\"column\" data-e-type=\"column\">\n\t\t\t<div class=\"elementor-widget-wrap elementor-element-populated\">\n\t\t\t\t\t\t<div class=\"elementor-element elementor-element-1803da13 elementor-widget__width-initial elementor-widget elementor-widget-text-editor\" data-id=\"1803da13\" data-element_type=\"widget\" data-e-type=\"widget\" data-widget_type=\"text-editor.default\">\n\t\t\t\t<div class=\"elementor-widget-container\">\n\t\t\t\t\t\t\t\t\t<p>A Erastro Rastreamento, por meio dessa Pol\u00edtica de Privacidade, busca reafirmar o nosso compromisso com a ado\u00e7\u00e3o das melhores pr\u00e1ticas de seguran\u00e7a, transpar\u00eancia e privacidade no acesso e tratamento das suas informa\u00e7\u00f5es ao navegar por nosso site. Buscamos esclarecer como coletamos, usamos, armazenamos e tratamos os seus dados, assim como qualquer informa\u00e7\u00e3o sua que possamos coletar em nosso site sobre voc\u00ea.<\/p><p><br><\/p><p>&nbsp; &nbsp; &nbsp; &nbsp; &nbsp; &nbsp;&nbsp;<\/p><p>1- Quais s\u00e3o os dados coletados?<\/p><p>&nbsp; &nbsp; &nbsp; &nbsp; &nbsp; &nbsp;&nbsp;<\/p><p>Dados Pessoais : Quaisquer dados que permitam a identifica\u00e7\u00e3o pessoal do Usu\u00e1rio. Os Dados Pessoais incluem, entre outros, o seu nome, e-mail, n\u00famero de telefone e outras eventuais informa\u00e7\u00f5es fornecidas pelo Usu\u00e1rio \u00e0 Erastro Rastreamento atrav\u00e9s do formul\u00e1rio de contato.<\/p><p><br><\/p><p>Dados de acesso : Quaisquer dados que permitam a identifica\u00e7\u00e3o pessoal do Usu\u00e1rio. Os Dados Pessoais incluem, entre outros, o seu nome, e-mail, n\u00famero de telefone e outras eventuais informa\u00e7\u00f5es fornecidas pelo Usu\u00e1rio \u00e0 Erastro Rastreamento atrav\u00e9s do formul\u00e1rio de contato.<\/p><p><br><\/p><p>\u2013 Informa\u00e7\u00f5es coletadas de Usu\u00e1rios ao usar o nosso o site : inclui, entre outros, o navegador de acesso do Usu\u00e1rio, endere\u00e7o do protocolo de Internet (IP), data e hora do acesso, a localiza\u00e7\u00e3o do Usu\u00e1rio, e as a\u00e7\u00f5es do Usu\u00e1rio no site.<\/p><p><br><\/p><p>\u2013 Comunica\u00e7\u00e3o entre Usu\u00e1rio e a Erastro Rastreamento: inclui quaisquer comunica\u00e7\u00f5es havidas entre n\u00f3s e o Usu\u00e1rio por e-mail e\/ou telefone, fale conosco ou outro dispositivo eletr\u00f4nico.<\/p><p><br><\/p><p>\u2013 Cookies : conforme disposto no item 6 desta Pol\u00edtica de Privacidade.<\/p><p><br><\/p><p>&nbsp; &nbsp; &nbsp; &nbsp; &nbsp; &nbsp;&nbsp;<\/p><p>2- Por que coletamos esses dados?<\/p><p>&nbsp; &nbsp; &nbsp; &nbsp;&nbsp;<\/p><p>Para respondermos adequadamente ao envio das mensagens nos enviadas e para estabelecermos um canal de comunica\u00e7\u00e3o direto entre n\u00f3s e os usu\u00e1rios do nosso site.<\/p><p><br><\/p><p>\u2013 Tamb\u00e9m coletamos esses dados para:<\/p><p>Aprimorar nossos servi\u00e7os;<\/p><p>Comunica\u00e7\u00e3o com o usu\u00e1rio atrav\u00e9s de an\u00fancios, avisos, atualiza\u00e7\u00f5es, marketing, alertas, mensagens, altera\u00e7\u00e3o de condi\u00e7\u00f5es e pol\u00edticas de privacidade;<\/p><p>Cumprimento dos nossos termos e condi\u00e7\u00f5es da Pol\u00edtica de Cookies e da Pol\u00edtica de Privacidade do nosso site;<\/p><p><br><\/p><p>&nbsp; &nbsp; &nbsp; &nbsp; &nbsp; &nbsp;&nbsp;<\/p><p>3- Como usamos os dados coletados?<\/p><p>&nbsp; &nbsp; &nbsp; &nbsp;&nbsp;<\/p><p>Funcionamento do nosso site : Os dados coletados s\u00e3o utilizados para manuten\u00e7\u00e3o e aprimoramento do nosso web site. Esses dados nos possibilitam oferecer uma melhor experi\u00eancia de navega\u00e7\u00e3o para os Usu\u00e1rios, desenvolver novas funcionalidades, realizar estat\u00edsticas de monitoramento de uso do nosso site e verificar e oferecer produtos e servi\u00e7os que se enquadrem no perfil do Usu\u00e1rio.<\/p><p><br><\/p><p>Contato direto com o usu\u00e1rio : A Erastro Rastreamento poder\u00e1 entrar em contato com os Usu\u00e1rios, seja atrav\u00e9s de liga\u00e7\u00f5es telef\u00f4nicas, envio de e-mails ou notifica\u00e7\u00f5es com alertas e comunicados relacionados \u00e0 nossa empresa. Caso o Usu\u00e1rio n\u00e3o queira mais receber e-mails ou qualquer outro contato efetuado por n\u00f3s, ele dever\u00e1 enviar um email para suporte@erastro.com informando o seu desejo para que seja automaticamente exclu\u00eddo da nossa lista de contatos.<\/p><p><br><\/p><p>Oferecimento de produtos ou servi\u00e7os : A Erastro Rastreamento poder\u00e1 processar os Dados Pessoais&nbsp; de forma automatizada e codificada, com o uso de software, para identificar necessidades espec\u00edficas dos Usu\u00e1rios e, com base nisso, desenvolver e\/ou oferecer produtos e servi\u00e7os que se enquadrem no seu perfil. Da mesma forma, os dados coletados poder\u00e3o ser tratados para fins de preven\u00e7\u00e3o a fraudes no oferecimento e contrata\u00e7\u00e3o de servi\u00e7os e produtos por Usu\u00e1rios do nosso site.<\/p><p><br><\/p><p>Em hip\u00f3tese alguma, a Erastro Rastreamento compartilhar\u00e1 os Dados Pessoais do Usu\u00e1rio sem o seu pr\u00e9vio e expresso consentimento , conforme previsto nesta Pol\u00edtica de Privacidade.<\/p><p><br><\/p><p>Informa\u00c3\u00a7\u00c3\u00b5es coletadas automaticamente : Al\u00c3\u00a9m disso, o Aplicativo pode coletar certas informa\u00c3\u00a7\u00c3\u00b5es automaticamente, incluindo, mas n\u00c3\u00a3o limitado a, o tipo de dispositivo m\u00c3\u00b3vel que voc\u00c3\u00aa usa, o ID exclusivo do dispositivo de seus dispositivos m\u00c3\u00b3veis, o endere\u00c3\u00a7o IP do seu dispositivo m\u00c3\u00b3vel, o tipo de navegadores de Internet m\u00c3\u00b3vel que voc\u00c3\u00aa usa e informa\u00c3\u00a7\u00c3\u00b5es sobre a forma como voc\u00c3\u00aa usa o Aplicativo.<\/p><p><br><\/p><p>O aplicativo coleta informa\u00c3\u00a7\u00c3\u00b5es precisas de localiza\u00c3\u00a7\u00c3\u00a3o em tempo real do dispositivo?: Quando voc\u00c3\u00aa usa o aplicativo m\u00c3\u00b3vel, usamos a tecnologia GPS (ou outra tecnologia semelhante) para determinar sua localiza\u00c3\u00a7\u00c3\u00a3o atual. Os dados de localiza\u00c3\u00a7\u00c3\u00a3o s\u00c3\u00a3o relatados ao servidor onde voc\u00c3\u00aa pode monitor\u00c3\u00a1-lo atrav\u00c3\u00a9s de sua conta de usu\u00c3\u00a1rio. N\u00c3\u00a3o compartilharemos seus dados de localiza\u00c3\u00a7\u00c3\u00a3o atuais com outros usu\u00c3\u00a1rios ou parceiros. Se voc\u00c3\u00aa n\u00c3\u00a3o quiser que usemos sua localiza\u00c3\u00a7\u00c3\u00a3o para os fins estabelecidos acima, voc\u00c3\u00aa deve desativar os servi\u00c3\u00a7os de localiza\u00c3\u00a7\u00c3\u00a3o do aplicativo m\u00c3\u00b3vel localizado nas configura\u00c3\u00a7\u00c3\u00b5es da sua conta ou nas configura\u00c3\u00a7\u00c3\u00b5es do seu telefone celular e\/ou dentro do aplicativo m\u00c3\u00b3vel.<\/p><p><br><\/p><p>&nbsp; &nbsp; &nbsp; &nbsp; &nbsp; &nbsp;&nbsp;<\/p><p>4- Como armazenamos as informa\u00e7\u00f5es coletadas?<\/p><p>&nbsp; &nbsp; &nbsp; &nbsp;&nbsp;<\/p><p>A seguran\u00e7a dos dados relacionados aos nossos Usu\u00e1rios \u00e9 uma das prioridades da Erastro Rastreamento. Buscamos o constante aprimoramento dos nossos processos e a ado\u00e7\u00e3o das melhores pr\u00e1ticas de Seguran\u00e7a da Informa\u00e7\u00e3o para proteger os Usu\u00e1rios e dados a que temos acesso.<\/p><p><br><\/p><p>As informa\u00e7\u00f5es s\u00e3o protegidas com tecnologia SSL (Secure Sockets Layer) para que os dados do Usu\u00e1rio permane\u00e7am em sigilo. Essa tecnologia tamb\u00e9m visa impedir que as informa\u00e7\u00f5es sejam transmitidas ou acessadas por terceiros n\u00e3o autorizados.<\/p><p><br><\/p><p>&nbsp; &nbsp; &nbsp; &nbsp; &nbsp; &nbsp;&nbsp;<\/p><p>5 &#8211; Compartilhamento de dados com terceiros<\/p><p>&nbsp; &nbsp; &nbsp; &nbsp;&nbsp;<\/p><p>Os dados coletados dos Usu\u00e1rios poder\u00e3o ser compartilhados com :<\/p><p><br><\/p><p>Autoriza\u00e7\u00e3o do usu\u00e1rio : a Erastro Rastreamento poder\u00e1 compartilhar, bem como receber seus dados mediante o seu consentimento ou sob sua orienta\u00e7\u00e3o. Tal troca de informa\u00e7\u00f5es poder\u00e1 ocorrer, por exemplo, por meio de uma conex\u00e3o com uma plataforma de terceiros.<\/p><p><br><\/p><p>Empresas do mesmo grupo econ\u00f4mico : Os dados coletados poder\u00e3o ser compartilhados com empresas que fa\u00e7am parte do mesmo grupo econ\u00f4mico e\/ou estrutura societ\u00e1ria da Erastro Rastreamento, desde que tal compartilhamento seja necess\u00e1rio para fins de opera\u00e7\u00e3o, manuten\u00e7\u00e3o e\/ou melhoria na presta\u00e7\u00e3o dos servi\u00e7os e produtos oferecidos aos Usu\u00e1rios. Nesse contexto, qualquer empresa que venha a ter acesso aos dados dever\u00e1 adotar pelo menos os mesmos n\u00edveis de seguran\u00e7a utilizados e garantidos pela Erastro Rastreamento aos seus Usu\u00e1rios.<\/p><p><br><\/p><p>Empresas que prestam servi\u00e7os para a Erastro Rastreamento: poderemos compartilhar dados coletados com prestadores de servi\u00e7os terceirizados na medida em que tais informa\u00e7\u00f5es sejam necess\u00e1rias \u00e0 presta\u00e7\u00e3o do servi\u00e7o, a qual \u00e9 feita sob&nbsp; nossa orienta\u00e7\u00e3o. Esses prestadores de servi\u00e7os terceirizados podem ter sido contratados para, por exemplo, envio de email marketing, call center, envio de publicidade via mala direta, entre outros.<\/p><p><br><\/p><p>Terceiros conforme obriga\u00e7\u00e3o legal :&nbsp; a Erastro Rastreamento poder\u00e1 compartilhar dados com terceiros quando permitido ou exigido por lei como, por exemplo:<\/p><p>Para o cumprimento de obriga\u00e7\u00e3o legal ou regulat\u00f3ria;<\/p><p>Para fins de auditoria, investigar viola\u00e7\u00f5es ou cumprir uma previs\u00e3o de um contrato celebrado com o Usu\u00e1rio;<\/p><p>Para cumprir uma ordem judicial, entre outros.<\/p><p><br><\/p><p>Ressaltamos que, em nenhum caso, os dados dos Usu\u00e1rios ser\u00e3o vendidos ou cedidos a terceiros pela Erastro Rastreamento.<\/p><p><br><\/p><p>&nbsp; &nbsp; &nbsp; &nbsp; &nbsp; &nbsp;&nbsp;<\/p><p>6 &#8211; Cookies<\/p><p>&nbsp; &nbsp; &nbsp; &nbsp;&nbsp;<\/p><p>O que s\u00e3o cookies? Como \u00e9 pr\u00e1tica comum em quase todos os sites profissionais, este site usa cookies, que s\u00e3o pequenos arquivos baixados no seu computador, para melhorar sua experi\u00eancia. Esta p\u00e1gina descreve quais informa\u00e7\u00f5es eles coletam, como as usamos e por que \u00e0s vezes precisamos armazenar esses cookies. Tamb\u00e9m compartilharemos como voc\u00ea pode impedir que esses cookies sejam armazenados, no entanto, isso pode fazer o downgrade ou \u2018quebrar\u2019 certos elementos da funcionalidade do site.<\/p><p><br><\/p><p>Utilizamos cookies&nbsp; para certificar que os servi\u00e7os prestados est\u00e3o de acordo com o melhor padr\u00e3o de desempenho esperado pelo Usu\u00e1rio.<\/p><p><br><\/p><p>Os cookies coletados&nbsp; fornecem somente estat\u00edsticas e n\u00e3o ser\u00e3o utilizados para prop\u00f3sitos diversos dos expressamente previstos nesta Pol\u00edtica de Privacidade.<\/p><p><br><\/p><p>Infelizmente, na maioria dos casos, n\u00e3o existem op\u00e7\u00f5es padr\u00f5es para desativar os cookies sem desativar completamente a funcionalidade e os recursos que eles adicionam a este site. \u00c9 recomend\u00e1vel que voc\u00ea aceite os cookies se n\u00e3o tiver certeza se precisa ou n\u00e3o deles, pois podem ser usados para fornecer um servi\u00e7o ou funcionalidade que voc\u00ea est\u00e1 usando ao visitar o nosso site.<\/p><p><br><\/p><p>&nbsp; &nbsp; &nbsp; &nbsp; &nbsp; &nbsp;&nbsp;<\/p><p>7 &#8211; Cookies de terceiros<\/p><p>&nbsp; &nbsp; &nbsp; &nbsp;&nbsp;<\/p><p>Este site usa o Google Analytics, que \u00e9 uma das solu\u00e7\u00f5es de an\u00e1lise mais difundidas e confi\u00e1veis da Web, para nos ajudar a entender como voc\u00ea usa o nosso site. Esses cookies podem rastrear itens como quanto tempo voc\u00ea gasta no site e as p\u00e1ginas visitadas, para que possamos continuar produzindo conte\u00fado atraente.&lt;br&gt;<\/p><p><br><\/p><p>&nbsp; &nbsp; &nbsp; &nbsp; &nbsp; &nbsp;&nbsp;<\/p><p>8 &#8211; Desativar cookies<\/p><p>&nbsp; &nbsp; &nbsp; &nbsp;&nbsp;<\/p><p>Voc\u00ea pode impedir a configura\u00e7\u00e3o de cookies ajustando as configura\u00e7\u00f5es do seu navegador (consulte a Ajuda do navegador para saber como fazer isso). Esteja ciente de que a desativa\u00e7\u00e3o de cookies afetar\u00e1 a funcionalidade deste e de muitos outros sites que voc\u00ea visita. A desativa\u00e7\u00e3o de cookies geralmente resultar\u00e1 na desativa\u00e7\u00e3o de determinadas funcionalidades e recursos deste site. Portanto, \u00e9 recomend\u00e1vel que voc\u00ea n\u00e3o desative os cookies.<\/p><p><br><\/p><p>&nbsp; &nbsp; &nbsp; &nbsp; &nbsp; &nbsp;&nbsp;<\/p><p>9 &#8211; Seus dados est\u00e3o protegidos<\/p><p>&nbsp; &nbsp; &nbsp; &nbsp;&nbsp;<\/p><p>Os dados e os registros de atividades coletados ser\u00e3o armazenados em ambiente seguro e controlado. Seus dados s\u00e3o acessados somente por colaboradores devidamente autorizados da Erastro Rastreamento, respeitados os princ\u00edpios de proporcionalidade, necessidade e relev\u00e2ncia para os nossos objetivos, al\u00e9m do compromisso de confidencialidade e preserva\u00e7\u00e3o da privacidade nos termos desta pol\u00edtica.<\/p><p><br><\/p><p>&nbsp; &nbsp; &nbsp; &nbsp; &nbsp; &nbsp;&nbsp;<\/p><p>10 &#8211; Tempo em que manteremos os seus dados&nbsp;<\/p><p>&nbsp; &nbsp; &nbsp; &nbsp;&nbsp;<\/p><p>Os dados s\u00e3o mantidos apenas enquanto forem \u00fateis para cumprir o prop\u00f3sito para qual foram coletados. Entretanto, existem casos em que podemos manter estes dados pelo prazo necess\u00e1rio para cumprimento de obriga\u00e7\u00f5es legais, sendo que nestes casos, eles n\u00e3o estar\u00e3o em uso, mas sim armazenados para eventual necessidade de cumprimento dessas obriga\u00e7\u00f5es.<\/p><p><br><\/p><p>&nbsp; &nbsp; &nbsp; &nbsp; &nbsp; &nbsp;&nbsp;<\/p><p>11 &#8211; Direitos que voc\u00ea tem sobre esses dados<\/p><p>&nbsp; &nbsp; &nbsp; &nbsp;&nbsp;<\/p><p>A Lei Geral de Prote\u00e7\u00e3o de Dados Pessoais (Lei n\u00ba 13.709\/18), no art. 18, elenca os direitos dos titulares dos dados pessoais, os quais passamos a detalhar abaixo:<\/p><p><br><\/p><p>Direito de acesso : Voc\u00ea possui o direito de nos solicitar a qualquer momento, as informa\u00e7\u00f5es relativas a quais os dados seus estamos tratando.<\/p><p><br><\/p><p>Direito de corre\u00e7\u00e3o : Voc\u00ea pode a qualquer momento, solicitar a corre\u00e7\u00e3o dos seus dados que estejam incompletos, incorretos ou desatualizados.<\/p><p><br><\/p><p>Direito de exclus\u00e3o : Voc\u00ea pode solicitar a exclus\u00e3o dos dados desnecess\u00e1rios, excessivos ou tratados de forma ilegal. Voc\u00ea tamb\u00e9m pode solicitar a exclus\u00e3o dos dados pessoais.<\/p><p><br><\/p><p>Direito de portabilidade : Voc\u00ea pode nos solicitar a qualquer momento, a portabilidade dos seus dados pessoais para outro fornecedor de servi\u00e7os ou produto. Bastando nos indicar para qual fornecedor estes dados ser\u00e3o transferidos.<\/p><p><br><\/p><p>Direito de informa\u00e7\u00e3o : Voc\u00ea pode solicitar as informa\u00e7\u00f5es referentes a quais empresas e \u00f3rg\u00e3os p\u00fablicos que partilhamos os seus dados.<\/p><p><br><\/p><p>Direito de revogar consentimento : Voc\u00ea pode, a qualquer momento, solicitar a revoga\u00e7\u00e3o do consentimento que tenha nos fornecido.<\/p><p><br><\/p><p>Deste modo, para voc\u00ea exercer os direitos acima citados, bem como, demais d\u00favidas e esclarecimentos, basta solicitar atrav\u00e9s de e-mail para: suporte@erastro.com que atenderemos o seu pedido.<\/p><p><br><\/p><p>&nbsp; &nbsp; &nbsp; &nbsp; &nbsp; &nbsp;&nbsp;<\/p><p>12 &#8211; Dos links de terceiros<\/p><p>&nbsp; &nbsp; &nbsp; &nbsp;&nbsp;<\/p><p>Em nosso site poder\u00e3o conter alguns links, plug-ins e aplicativos de terceiros. Ao clicar nesses links, e somente se clicar, voc\u00ea permitir\u00e1 que terceiros coletem ou compartilhem dados sobre voc\u00ea. Esses sites de terceiros n\u00e3o s\u00e3o analisados quanto \u00e0 privacidade ou conformidade de seguran\u00e7a pela nossa empresa, e voc\u00ea nos isenta de qualquer responsabilidade pela conduta ao utilizar esses sites de terceiros.<\/p><p><br><\/p><p>Importante observar que esses sites de terceiros possuem pol\u00edticas pr\u00f3prias de privacidade e de cookies, sob as quais n\u00e3o temos qualquer tipo de controle. Dessa forma, n\u00e3o possu\u00edmos qualquer responsabilidade ou obriga\u00e7\u00e3o quanto a eles e voc\u00ea nos isenta de qualquer responsabilidade que por ventura aconte\u00e7a pela conduta desses sites de terceiros. Al\u00e9m disso, recomendamos que ao acessar esses sites, leia a pol\u00edtica de privacidade do respectivo site.<\/p><p><br><\/p><p>&nbsp; &nbsp; &nbsp; &nbsp; &nbsp; &nbsp;&nbsp;<\/p><p>13 &#8211; Altera\u00e7\u00f5es desta Pol\u00edtica de Privacidade<\/p><p>&nbsp; &nbsp; &nbsp; &nbsp;&nbsp;<\/p><p>Podemos alterar esta pol\u00edtica a qualquer momento, divulgando uma vers\u00e3o revisada em nosso site. Mas fique tranquilo, toda vez que isso acontecer vamos te enviar a nova pol\u00edtica por e-mail, sempre disponibilizando a op\u00e7\u00e3o de voc\u00ea se retirar da nossa lista de contatos. A data da vers\u00e3o se encontrar\u00e1 sempre no rod\u00e1p\u00e9 desta pol\u00edtica.<\/p><p><br><\/p><p>Sempre que houverem novas altera\u00e7\u00f5es, as vers\u00f5es anteriores poder\u00e3o ser solicitadas e consultadas pelo usu\u00e1rio mediante gratuita solicita\u00e7\u00e3o atrav\u00e9s do e-mail: suporte@erastro.com .<\/p><p><br><\/p><p><br><\/p><p><br><\/p><p><br><\/p><p>Erastro Rastreamento \u00c3\u00a9 um produto da empresa MAIK JANDERSON TAVARES BARBOSA 51727960297, registrado sob CNPJ 12.957.495\/0001-20, situado na RUA MARQUESA DE SANTOS 355 SALA 2 COROADO, Manaus | Amazonas | BRASIL | 92 99205-2050<\/p><p><br><\/p><p>&nbsp;<\/p><p><br><\/p><p>Contato: suporte@erastro.com<\/p><p>0800 042 0320<\/p><p><br><\/p><p>Revisado em 16\/10\/2024<\/p>\t\t\t\t\t\t\t\t<\/div>\n\t\t\t\t<\/div>\n\t\t\t\t\t<\/div>\n\t\t<\/div>\n\t\t\t\t\t<\/div>\n\t\t<\/section>\n\t\t\t\t<\/div>\n\t\t","protected":false},"excerpt":{"rendered":"<p>A Erastro Rastreamento, por meio dessa Pol\u00edtica de Privacidade, busca reafirmar o nosso compromisso com a ado\u00e7\u00e3o das melhores pr\u00e1ticas de seguran\u00e7a, transpar\u00eancia e privacidade no acesso e tratamento das suas informa\u00e7\u00f5es ao navegar por nosso site. Buscamos esclarecer como coletamos, usamos, armazenamos e tratamos os seus dados, assim como qualquer informa\u00e7\u00e3o sua que possamos [&hellip;]<\/p>\n","protected":false},"author":1,"featured_media":0,"parent":0,"menu_order":0,"comment_status":"closed","ping_status":"open","template":"","meta":{"_joinchat":[],"footnotes":""},"class_list":["post-3","page","type-page","status-publish","hentry"],"_links":{"self":[{"href":"https:\/\/erastro.com\/index.php\/wp-json\/wp\/v2\/pages\/3","targetHints":{"allow":["GET"]}}],"collection":[{"href":"https:\/\/erastro.com\/index.php\/wp-json\/wp\/v2\/pages"}],"about":[{"href":"https:\/\/erastro.com\/index.php\/wp-json\/wp\/v2\/types\/page"}],"author":[{"embeddable":true,"href":"https:\/\/erastro.com\/index.php\/wp-json\/wp\/v2\/users\/1"}],"replies":[{"embeddable":true,"href":"https:\/\/erastro.com\/index.php\/wp-json\/wp\/v2\/comments?post=3"}],"version-history":[{"count":7,"href":"https:\/\/erastro.com\/index.php\/wp-json\/wp\/v2\/pages\/3\/revisions"}],"predecessor-version":[{"id":458,"href":"https:\/\/erastro.com\/index.php\/wp-json\/wp\/v2\/pages\/3\/revisions\/458"}],"wp:attachment":[{"href":"https:\/\/erastro.com\/index.php\/wp-json\/wp\/v2\/media?parent=3"}],"curies":[{"name":"wp","href":"https:\/\/api.w.org\/{rel}","templated":true}]}}